{"id":6,"date":"2020-09-04T00:14:35","date_gmt":"2020-09-03T22:14:35","guid":{"rendered":"http:\/\/neuenfels.c304.de\/?page_id=6"},"modified":"2020-09-04T00:14:35","modified_gmt":"2020-09-03T22:14:35","slug":"herzlich-willkommen","status":"publish","type":"page","link":"https:\/\/neuenfels.de\/","title":{"rendered":"Herzlich Willkommen"},"content":{"rendered":"\n<p>Der Studentenverein Neuenfels ist Mitglied im Kartellverband katholischer deutscher Studentenvereine (KV), der in allen gro\u00dfen Universit\u00e4tsst\u00e4dten vertreten ist. Wie alle diese Vereine lehnen wir das Schlagen von Mensuren ab und sind nicht farbentragend. Wir sind weltanschaulich offen und weniger konfessionell als christlich orientiert.<\/p>\n\n\n\n<p>Studentenverbindungen entstanden mit den Universit\u00e4ten im 12. Jahrhundert. Neuenfels, im Jahre 1927 als Reformverbindung gegr\u00fcndet, wurde 1936 verboten und nach dem Krieg 1953 wiedergegr\u00fcndet. Obwohl unser Verein relativ jung ist, sehen wir uns in einer bis ins Mittelalter zur\u00fcckreichenden Tradition.<\/p>\n\n\n\n<p>Zusammen mit unserer basisdemokratischen Satzung und der f\u00fcr Neuenfels typischen Liberalit\u00e4t entsteht ein Verbindungsleben, in dem wir alte Formen f\u00fcr uns neu interpretieren. Anbiederung an den kurzatmigen Zeitgeist ist dadurch ebenso ausgeschlossen wie ein Verharren in sinnentleerten Formen.<\/p>\n\n\n\n<p>Die Basis des Vereins bilden hierbei die drei nachfolgenden Prinzipien, die jedem Mitglied des Kartellverbands katholischer deutscher Studentenvereine eigens sind. &nbsp;<\/p>\n\n\n\n<p><strong>Glaube \u2013 Religio<\/strong><br>Aus der christlichen Tradition heraus sehen wir uns als werdende Akademiker in der Verantwortung unseren Mitmenschen gegen\u00fcber und der Bewahrung der Sch\u00f6pfung verpflichtet. F\u00fcr uns ist das Prinzip \u201eReligio\u201c nicht Instrument der Ab- und Ausgrenzung, sondern individuell und t\u00e4glich neu zu verwirklichende Aufgabe und gemeinsame Grundlage.<\/p>\n\n\n\n<p><strong>Wissenschaft \u2013 Scientia<\/strong><br>Als Studenten an verschiedenen Fakult\u00e4ten sind wir am jeweiligen Fachwissen des einzelnen interessiert. Wir versuchen, den interdisziplin\u00e4ren Dialog schon auf studentischer Ebene zu f\u00f6rdern. Gegenseitige, auch f\u00e4cher\u00fcbergreifende Unterst\u00fctzung in allen Studienfragen ist f\u00fcr uns selbstverst\u00e4ndlich.<\/p>\n\n\n\n<p><strong>Freundschaft \u2013 Amicitia<\/strong><br>Diese Ziele k\u00f6nnen in der Anonymit\u00e4t der nur leistungsorientierten Massenuniversit\u00e4t nur schlecht gedeihen. Wir stellen dem unser Vereinsleben entgegen, indem wir versuchen, den anderen Vereinsmitgliedern \u00fcber Meinungsverschiedenheiten hinweg und \u00fcber das Studium hinaus gute Freunde zu sein. Dieses Lebensbundprinzip schuf sich seine eigenen Traditionen und Formen, zu denen wir stehen und die wir lieben.<\/p>\n\n\n\n<p>Und damit es bei so viel Tiefsinn nicht an Frohsinn fehlt, stehen auch die spa\u00dfigen Programmpunkte im Vordergrund. Schlie\u00dflich geh\u00f6rt zur studentischen Tradition auch gaudeamus igitur (lasst uns also fr\u00f6hlich sein) et cetera, denn zum Gr\u00fcbeln gibt die Universit\u00e4t Anlass genug.<\/p>\n","protected":false},"excerpt":{"rendered":"<p>Der Studentenverein Neuenfels ist Mitglied im Kartellverband katholischer deutscher Studentenvereine (KV), der in allen gro\u00dfen Universit\u00e4tsst\u00e4dten vertreten ist. Wie alle diese Vereine lehnen wir das Schlagen von Mensuren ab und sind nicht farbentragend. Wir sind weltanschaulich offen und weniger konfessionell als christlich orientiert. Studentenverbindungen entstanden mit den Universit\u00e4ten im 12. Jahrhundert. Neuenfels, im Jahre 1927 &hellip; <\/p>\n<p class=\"link-more\"><a href=\"https:\/\/neuenfels.de\/\" class=\"more-link\"><span class=\"screen-reader-text\">\u201eHerzlich Willkommen\u201c<\/span> weiterlesen<\/a><\/p>\n","protected":false},"author":1,"featured_media":0,"parent":0,"menu_order":0,"comment_status":"closed","ping_status":"closed","template":"","meta":{"footnotes":""},"class_list":["post-6","page","type-page","status-publish","hentry"],"_links":{"self":[{"href":"https:\/\/neuenfels.de\/index.php?rest_route=\/wp\/v2\/pages\/6","targetHints":{"allow":["GET"]}}],"collection":[{"href":"https:\/\/neuenfels.de\/index.php?rest_route=\/wp\/v2\/pages"}],"about":[{"href":"https:\/\/neuenfels.de\/index.php?rest_route=\/wp\/v2\/types\/page"}],"author":[{"embeddable":true,"href":"https:\/\/neuenfels.de\/index.php?rest_route=\/wp\/v2\/users\/1"}],"replies":[{"embeddable":true,"href":"https:\/\/neuenfels.de\/index.php?rest_route=%2Fwp%2Fv2%2Fcomments&post=6"}],"version-history":[{"count":1,"href":"https:\/\/neuenfels.de\/index.php?rest_route=\/wp\/v2\/pages\/6\/revisions"}],"predecessor-version":[{"id":7,"href":"https:\/\/neuenfels.de\/index.php?rest_route=\/wp\/v2\/pages\/6\/revisions\/7"}],"wp:attachment":[{"href":"https:\/\/neuenfels.de\/index.php?rest_route=%2Fwp%2Fv2%2Fmedia&parent=6"}],"curies":[{"name":"wp","href":"https:\/\/api.w.org\/{rel}","templated":true}]}}