{"id":23,"date":"2020-09-04T00:35:37","date_gmt":"2020-09-03T22:35:37","guid":{"rendered":"http:\/\/neuenfels.c304.de\/?page_id=23"},"modified":"2026-04-14T18:37:05","modified_gmt":"2026-04-14T16:37:05","slug":"vorstand","status":"publish","type":"page","link":"https:\/\/neuenfels.de\/?page_id=23","title":{"rendered":"Vorstand"},"content":{"rendered":"\n<h2 class=\"wp-block-heading\">Im Sommersemester 2026<\/h2>\n\n\n\n<div class=\"wp-block-media-text is-stacked-on-mobile is-image-fill-element\"><figure class=\"wp-block-media-text__media\"><img loading=\"lazy\" decoding=\"async\" width=\"541\" height=\"360\" src=\"https:\/\/neuenfels.de\/wp-content\/uploads\/2026\/03\/x_web.jpg\" alt=\"\" class=\"wp-image-198 size-full\" style=\"object-position:50% 50%\" srcset=\"https:\/\/neuenfels.de\/wp-content\/uploads\/2026\/03\/x_web.jpg 541w, https:\/\/neuenfels.de\/wp-content\/uploads\/2026\/03\/x_web-300x200.jpg 300w\" sizes=\"auto, (max-width: 541px) 100vw, 541px\" \/><\/figure><div class=\"wp-block-media-text__content\">\n<p class=\"has-large-font-size\">Senior (x)<\/p>\n\n\n\n<p>Philipp<br>stud. phy.<\/p>\n\n\n\n<p>Niemensstra\u00dfe 7<br>79098 Freiburg<\/p>\n<\/div><\/div>\n\n\n\n<div class=\"wp-block-media-text is-stacked-on-mobile\"><figure class=\"wp-block-media-text__media\"><img loading=\"lazy\" decoding=\"async\" width=\"549\" height=\"366\" src=\"https:\/\/neuenfels.de\/wp-content\/uploads\/2026\/03\/fm_web.jpg\" alt=\"\" class=\"wp-image-196 size-full\" srcset=\"https:\/\/neuenfels.de\/wp-content\/uploads\/2026\/03\/fm_web.jpg 549w, https:\/\/neuenfels.de\/wp-content\/uploads\/2026\/03\/fm_web-300x200.jpg 300w\" sizes=\"auto, (max-width: 549px) 100vw, 549px\" \/><\/figure><div class=\"wp-block-media-text__content\">\n<p class=\"has-large-font-size\">Fuxmajor (FM)<\/p>\n\n\n\n<p>Deniz<br>stud. jur.<\/p>\n\n\n\n<p>Niemensstra\u00dfe 7<br>79098 Freiburg<\/p>\n<\/div><\/div>\n\n\n\n<div class=\"wp-block-media-text is-stacked-on-mobile\"><figure class=\"wp-block-media-text__media\"><img loading=\"lazy\" decoding=\"async\" width=\"541\" height=\"361\" src=\"https:\/\/neuenfels.de\/wp-content\/uploads\/2026\/03\/vx_web.jpg\" alt=\"\" class=\"wp-image-197 size-full\" srcset=\"https:\/\/neuenfels.de\/wp-content\/uploads\/2026\/03\/vx_web.jpg 541w, https:\/\/neuenfels.de\/wp-content\/uploads\/2026\/03\/vx_web-300x200.jpg 300w\" sizes=\"auto, (max-width: 541px) 100vw, 541px\" \/><\/figure><div class=\"wp-block-media-text__content\">\n<p class=\"has-large-font-size\">Consenior (vx)<\/p>\n\n\n\n<p>Nico<br>stud. med.<\/p>\n\n\n\n<p>Niemensstra\u00dfe 7<br>79098 Freiburg<\/p>\n<\/div><\/div>\n\n\n\n<div class=\"wp-block-media-text is-stacked-on-mobile\"><figure class=\"wp-block-media-text__media\"><img loading=\"lazy\" decoding=\"async\" width=\"558\" height=\"372\" src=\"https:\/\/neuenfels.de\/wp-content\/uploads\/2026\/03\/xx_web.jpg\" alt=\"\" class=\"wp-image-199 size-full\" srcset=\"https:\/\/neuenfels.de\/wp-content\/uploads\/2026\/03\/xx_web.jpg 558w, https:\/\/neuenfels.de\/wp-content\/uploads\/2026\/03\/xx_web-300x200.jpg 300w\" sizes=\"auto, (max-width: 558px) 100vw, 558px\" \/><\/figure><div class=\"wp-block-media-text__content\">\n<p class=\"has-large-font-size\">Scriptor (xx)<\/p>\n\n\n\n<p>Nic<br>stud. lehr.<\/p>\n\n\n\n<p>Niemensstra\u00dfe 7<br>79098 Freiburg<\/p>\n<\/div><\/div>\n\n\n\n<div class=\"wp-block-media-text is-stacked-on-mobile\"><figure class=\"wp-block-media-text__media\"><img loading=\"lazy\" decoding=\"async\" width=\"574\" height=\"383\" src=\"https:\/\/neuenfels.de\/wp-content\/uploads\/2026\/03\/xxx_web.jpg\" alt=\"\" class=\"wp-image-195 size-full\" srcset=\"https:\/\/neuenfels.de\/wp-content\/uploads\/2026\/03\/xxx_web.jpg 574w, https:\/\/neuenfels.de\/wp-content\/uploads\/2026\/03\/xxx_web-300x200.jpg 300w\" sizes=\"auto, (max-width: 574px) 100vw, 574px\" \/><\/figure><div class=\"wp-block-media-text__content\">\n<p class=\"has-large-font-size\">Qu\u00e4stor (xxx)<\/p>\n\n\n\n<p>Tjark<br>stud. umw.<\/p>\n\n\n\n<p>Niemensstra\u00dfe 7<br>79098 Freiburg<\/p>\n<\/div><\/div>\n\n\n\n<p><\/p>\n","protected":false},"excerpt":{"rendered":"<p>Im Sommersemester 2026 Senior (x) Philippstud. phy. Niemensstra\u00dfe 779098 Freiburg Fuxmajor (FM) Denizstud. jur. Niemensstra\u00dfe 779098 Freiburg Consenior (vx) Nicostud. med. Niemensstra\u00dfe 779098 Freiburg Scriptor (xx) Nicstud. lehr. Niemensstra\u00dfe 779098 Freiburg Qu\u00e4stor (xxx) Tjarkstud. umw. Niemensstra\u00dfe 779098 Freiburg<\/p>\n","protected":false},"author":1,"featured_media":0,"parent":0,"menu_order":0,"comment_status":"closed","ping_status":"closed","template":"","meta":{"footnotes":""},"class_list":["post-23","page","type-page","status-publish","hentry"],"_links":{"self":[{"href":"https:\/\/neuenfels.de\/index.php?rest_route=\/wp\/v2\/pages\/23","targetHints":{"allow":["GET"]}}],"collection":[{"href":"https:\/\/neuenfels.de\/index.php?rest_route=\/wp\/v2\/pages"}],"about":[{"href":"https:\/\/neuenfels.de\/index.php?rest_route=\/wp\/v2\/types\/page"}],"author":[{"embeddable":true,"href":"https:\/\/neuenfels.de\/index.php?rest_route=\/wp\/v2\/users\/1"}],"replies":[{"embeddable":true,"href":"https:\/\/neuenfels.de\/index.php?rest_route=%2Fwp%2Fv2%2Fcomments&post=23"}],"version-history":[{"count":26,"href":"https:\/\/neuenfels.de\/index.php?rest_route=\/wp\/v2\/pages\/23\/revisions"}],"predecessor-version":[{"id":210,"href":"https:\/\/neuenfels.de\/index.php?rest_route=\/wp\/v2\/pages\/23\/revisions\/210"}],"wp:attachment":[{"href":"https:\/\/neuenfels.de\/index.php?rest_route=%2Fwp%2Fv2%2Fmedia&parent=23"}],"curies":[{"name":"wp","href":"https:\/\/api.w.org\/{rel}","templated":true}]}}